{"id":990833,"date":"2023-04-25T12:47:45","date_gmt":"2023-04-25T12:47:45","guid":{"rendered":"https:\/\/www.gorea-plus.hr\/oprema\/"},"modified":"2026-03-30T06:19:13","modified_gmt":"2026-03-30T06:19:13","slug":"instruments","status":"publish","type":"page","link":"https:\/\/www.gorea-plus.hr\/en\/instruments\/","title":{"rendered":"Instruments"},"content":{"rendered":"\t\t<div data-elementor-type=\"wp-page\" data-elementor-id=\"990833\" class=\"elementor elementor-990833 elementor-988900\" data-elementor-post-type=\"page\">\n\t\t\t\t\t\t<section class=\"elementor-section elementor-top-section elementor-element elementor-element-6a596ac elementor-section-boxed elementor-section-height-default elementor-section-height-default\" data-id=\"6a596ac\" data-element_type=\"section\">\n\t\t\t\t\t\t<div class=\"elementor-container elementor-column-gap-no\">\n\t\t\t\t\t<div class=\"elementor-column elementor-col-50 elementor-top-column elementor-element elementor-element-0c6598a\" data-id=\"0c6598a\" data-element_type=\"column\">\n\t\t\t<div class=\"elementor-widget-wrap elementor-element-populated\">\n\t\t\t\t\t\t<div class=\"elementor-element elementor-element-a096c58 elementor-position-right elementor-widget__width-auto elementor-mobile-position-right elementor-widget-mobile__width-auto elementor-vertical-align-middle elementor-view-default elementor-invisible elementor-widget elementor-widget-icon-box\" data-id=\"a096c58\" data-element_type=\"widget\" data-settings=\"{&quot;_animation&quot;:&quot;slideInUp&quot;}\" data-widget_type=\"icon-box.default\">\n\t\t\t\t<div class=\"elementor-widget-container\">\n\t\t\t<link rel=\"stylesheet\" href=\"https:\/\/www.gorea-plus.hr\/wp-content\/uploads\/elementor\/css\/custom-widget-icon-box.min.css?ver=1710237710\">\t\t<div class=\"elementor-icon-box-wrapper\">\n\t\t\t\t\t\t<div class=\"elementor-icon-box-icon\">\n\t\t\t\t<span  class=\"elementor-icon elementor-animation-\">\n\t\t\t\t<i aria-hidden=\"true\" class=\"vamtamtheme- vamtam-theme-minus\"><\/i>\t\t\t\t<\/span>\n\t\t\t<\/div>\n\t\t\t\t\t\t<div class=\"elementor-icon-box-content\">\n\t\t\t\t<span class=\"elementor-icon-box-title\">\n\t\t\t\t\t<span  >\n\t\t\t\t\t\tGorea plus presents\t\t\t\t\t<\/span>\n\t\t\t\t<\/span>\n\t\t\t\t\t\t\t<\/div>\n\t\t<\/div>\n\t\t\t\t<\/div>\n\t\t\t\t<\/div>\n\t\t\t\t<div class=\"elementor-element elementor-element-cfd4c6c elementor-widget elementor-widget-heading\" data-id=\"cfd4c6c\" data-element_type=\"widget\" data-widget_type=\"heading.default\">\n\t\t\t\t<div class=\"elementor-widget-container\">\n\t\t\t<style>\/*! elementor - v3.20.0 - 11-03-2024 *\/\n.elementor-heading-title{padding:0;margin:0;line-height:1}.elementor-widget-heading .elementor-heading-title[class*=elementor-size-]>a{color:inherit;font-size:inherit;line-height:inherit}.elementor-widget-heading .elementor-heading-title.elementor-size-small{font-size:15px}.elementor-widget-heading .elementor-heading-title.elementor-size-medium{font-size:19px}.elementor-widget-heading .elementor-heading-title.elementor-size-large{font-size:29px}.elementor-widget-heading .elementor-heading-title.elementor-size-xl{font-size:39px}.elementor-widget-heading .elementor-heading-title.elementor-size-xxl{font-size:59px}<\/style><h1 class=\"elementor-heading-title elementor-size-default\">Instruments<\/h1>\t\t<\/div>\n\t\t\t\t<\/div>\n\t\t\t\t\t<\/div>\n\t\t<\/div>\n\t\t\t\t<div class=\"elementor-column elementor-col-50 elementor-top-column elementor-element elementor-element-f7fdd33\" data-id=\"f7fdd33\" data-element_type=\"column\">\n\t\t\t<div class=\"elementor-widget-wrap elementor-element-populated\">\n\t\t\t\t\t\t<div class=\"elementor-element elementor-element-03782e7 elementor-widget elementor-widget-text-editor\" data-id=\"03782e7\" data-element_type=\"widget\" data-widget_type=\"text-editor.default\">\n\t\t\t\t<div class=\"elementor-widget-container\">\n\t\t\t<style>\/*! elementor - v3.20.0 - 11-03-2024 *\/\n.elementor-widget-text-editor.elementor-drop-cap-view-stacked .elementor-drop-cap{background-color:#69727d;color:#fff}.elementor-widget-text-editor.elementor-drop-cap-view-framed .elementor-drop-cap{color:#69727d;border:3px solid;background-color:transparent}.elementor-widget-text-editor:not(.elementor-drop-cap-view-default) .elementor-drop-cap{margin-top:8px}.elementor-widget-text-editor:not(.elementor-drop-cap-view-default) .elementor-drop-cap-letter{width:1em;height:1em}.elementor-widget-text-editor .elementor-drop-cap{float:left;text-align:center;line-height:1;font-size:50px}.elementor-widget-text-editor .elementor-drop-cap-letter{display:inline-block}<\/style>\t\t\t\t\t\t\t\t\t\t<\/div>\n\t\t\t\t<\/div>\n\t\t\t\t\t<\/div>\n\t\t<\/div>\n\t\t\t\t\t<\/div>\n\t\t<\/section>\n\t\t\t\t<section class=\"elementor-section elementor-top-section elementor-element elementor-element-348708f elementor-section-full_width elementor-section-height-min-height elementor-section-stretched elementor-section-height-default elementor-section-items-middle\" data-id=\"348708f\" data-element_type=\"section\" data-settings=\"{&quot;background_background&quot;:&quot;classic&quot;,&quot;stretch_section&quot;:&quot;section-stretched&quot;}\">\n\t\t\t\t\t\t<div class=\"elementor-container elementor-column-gap-default\">\n\t\t\t\t\t<div class=\"elementor-column elementor-col-100 elementor-top-column elementor-element elementor-element-1b2facd\" data-id=\"1b2facd\" data-element_type=\"column\">\n\t\t\t<div class=\"elementor-widget-wrap\">\n\t\t\t\t\t\t\t<\/div>\n\t\t<\/div>\n\t\t\t\t\t<\/div>\n\t\t<\/section>\n\t\t\t\t<section class=\"elementor-section elementor-top-section elementor-element elementor-element-2b7be4b elementor-section-boxed elementor-section-height-default elementor-section-height-default\" data-id=\"2b7be4b\" data-element_type=\"section\" id=\"sameHeight\" data-settings=\"{&quot;background_background&quot;:&quot;classic&quot;}\">\n\t\t\t\t\t\t<div class=\"elementor-container elementor-column-gap-default\">\n\t\t\t\t\t<div class=\"elementor-column elementor-col-12 elementor-top-column elementor-element elementor-element-a4234fa\" data-id=\"a4234fa\" data-element_type=\"column\" data-settings=\"{&quot;background_background&quot;:&quot;classic&quot;}\">\n\t\t\t<div class=\"elementor-widget-wrap elementor-element-populated\">\n\t\t\t\t\t\t<div class=\"elementor-element elementor-element-0b48314 elementor-widget elementor-widget-image\" data-id=\"0b48314\" data-element_type=\"widget\" data-widget_type=\"image.default\">\n\t\t\t\t<div class=\"elementor-widget-container\">\n\t\t\t<style>\/*! elementor - v3.20.0 - 11-03-2024 *\/\n.elementor-widget-image{text-align:center}.elementor-widget-image a{display:inline-block}.elementor-widget-image a img[src$=\".svg\"]{width:48px}.elementor-widget-image img{vertical-align:middle;display:inline-block}<\/style>\t\t\t\t\t\t\t\t\t\t<img decoding=\"async\" src=\"https:\/\/www.gorea-plus.hr\/wp-content\/uploads\/elementor\/thumbs\/bd-logo-1-qggepayws12lwcagcc112n4gokww2mx4n8lb11w0lc.png\" title=\"bd-logo\" alt=\"bd-logo\" loading=\"lazy\" \/>\t\t\t\t\t\t\t\t\t\t\t\t\t<\/div>\n\t\t\t\t<\/div>\n\t\t\t\t<div class=\"elementor-element elementor-element-90d64da elementor-widget elementor-widget-text-editor\" data-id=\"90d64da\" data-element_type=\"widget\" data-widget_type=\"text-editor.default\">\n\t\t\t\t<div class=\"elementor-widget-container\">\n\t\t\t\t\t\t\t<ul>\n \t<li>Flow Cytometers<\/li>\n \t<li>Cell Sorters<\/li>\n<\/ul>\t\t\t\t\t\t<\/div>\n\t\t\t\t<\/div>\n\t\t\t\t\t<\/div>\n\t\t<\/div>\n\t\t\t\t<div class=\"elementor-column elementor-col-12 elementor-top-column elementor-element elementor-element-a4cc35a\" data-id=\"a4cc35a\" data-element_type=\"column\" data-settings=\"{&quot;background_background&quot;:&quot;classic&quot;}\">\n\t\t\t<div class=\"elementor-widget-wrap elementor-element-populated\">\n\t\t\t\t\t\t<div class=\"elementor-element elementor-element-282299f elementor-widget elementor-widget-image\" data-id=\"282299f\" data-element_type=\"widget\" data-widget_type=\"image.default\">\n\t\t\t\t<div class=\"elementor-widget-container\">\n\t\t\t\t\t\t\t\t\t\t\t\t\t<img decoding=\"async\" src=\"https:\/\/www.gorea-plus.hr\/wp-content\/uploads\/elementor\/thumbs\/T-Bilkent-UNAMBG-promega-1-qggepayws12lwcagcc112n4gokww2mx4n8lb11w0lc.png\" title=\"T&#8211;Bilkent-UNAMBG&#8211;promega\" alt=\"T--Bilkent-UNAMBG--promega\" loading=\"lazy\" \/>\t\t\t\t\t\t\t\t\t\t\t\t\t<\/div>\n\t\t\t\t<\/div>\n\t\t\t\t<div class=\"elementor-element elementor-element-9abdc03 elementor-widget elementor-widget-text-editor\" data-id=\"9abdc03\" data-element_type=\"widget\" data-widget_type=\"text-editor.default\">\n\t\t\t\t<div class=\"elementor-widget-container\">\n\t\t\t\t\t\t\t<ul>\n \t<li>Sanger sequencing and fragment analysis \u2013 Spectrum CE<\/li>\n \t<li>Automated nucleic acid isolation and purification<\/li>\n \t<li>Nucleic acid quantification \u2013 Quantus fluorometer<\/li>\n \t<li>Automated microplate reader \u2013 GloMax<\/li>\n<\/ul>\t\t\t\t\t\t<\/div>\n\t\t\t\t<\/div>\n\t\t\t\t\t<\/div>\n\t\t<\/div>\n\t\t\t\t<div class=\"elementor-column elementor-col-12 elementor-top-column elementor-element elementor-element-1302578\" data-id=\"1302578\" data-element_type=\"column\" data-settings=\"{&quot;background_background&quot;:&quot;classic&quot;}\">\n\t\t\t<div class=\"elementor-widget-wrap elementor-element-populated\">\n\t\t\t\t\t\t<div class=\"elementor-element elementor-element-b535c9e elementor-widget elementor-widget-image\" data-id=\"b535c9e\" data-element_type=\"widget\" data-widget_type=\"image.default\">\n\t\t\t\t<div class=\"elementor-widget-container\">\n\t\t\t\t\t\t\t\t\t\t\t\t\t<img decoding=\"async\" src=\"https:\/\/www.gorea-plus.hr\/wp-content\/uploads\/elementor\/thumbs\/Logo-Uvitec@2x-2-qggepayws12lwcagcc112n4gokww2mx4n8lb11w0lc.png\" title=\"Logo-Uvitec@2x\" alt=\"Logo-Uvitec@2x\" loading=\"lazy\" \/>\t\t\t\t\t\t\t\t\t\t\t\t\t<\/div>\n\t\t\t\t<\/div>\n\t\t\t\t<div class=\"elementor-element elementor-element-639e879 elementor-widget elementor-widget-text-editor\" data-id=\"639e879\" data-element_type=\"widget\" data-widget_type=\"text-editor.default\">\n\t\t\t\t<div class=\"elementor-widget-container\">\n\t\t\t\t\t\t\t<ul>\n \t<li>Gel and WB documentation systems with UV fluorescence, colorimetry, chemiluminescence, and epifluorescence.<\/li>\n<\/ul>\t\t\t\t\t\t<\/div>\n\t\t\t\t<\/div>\n\t\t\t\t\t<\/div>\n\t\t<\/div>\n\t\t\t\t<div class=\"elementor-column elementor-col-12 elementor-top-column elementor-element elementor-element-b13392a\" data-id=\"b13392a\" data-element_type=\"column\" data-settings=\"{&quot;background_background&quot;:&quot;classic&quot;}\">\n\t\t\t<div class=\"elementor-widget-wrap elementor-element-populated\">\n\t\t\t\t\t\t<div class=\"elementor-element elementor-element-d9b734c elementor-widget elementor-widget-image\" data-id=\"d9b734c\" data-element_type=\"widget\" data-widget_type=\"image.default\">\n\t\t\t\t<div class=\"elementor-widget-container\">\n\t\t\t\t\t\t\t\t\t\t\t\t\t<img decoding=\"async\" src=\"https:\/\/www.gorea-plus.hr\/wp-content\/uploads\/elementor\/thumbs\/Background-qggepayws12lwcagcc112n4gokww2mx4n8lb11w0lc.png\" title=\"Background\" alt=\"Background\" loading=\"lazy\" \/>\t\t\t\t\t\t\t\t\t\t\t\t\t<\/div>\n\t\t\t\t<\/div>\n\t\t\t\t<div class=\"elementor-element elementor-element-9f9367a elementor-widget elementor-widget-text-editor\" data-id=\"9f9367a\" data-element_type=\"widget\" data-widget_type=\"text-editor.default\">\n\t\t\t\t<div class=\"elementor-widget-container\">\n\t\t\t\t\t\t\t<ul>\n \t<li>Cell analysers<\/li>\n \t<li>Real time cell imagers<\/li>\n \t<li>MEA testing instruments<\/li>\n<\/ul>\t\t\t\t\t\t<\/div>\n\t\t\t\t<\/div>\n\t\t\t\t\t<\/div>\n\t\t<\/div>\n\t\t\t\t<div class=\"elementor-column elementor-col-12 elementor-top-column elementor-element elementor-element-eeeeb20\" data-id=\"eeeeb20\" data-element_type=\"column\" data-settings=\"{&quot;background_background&quot;:&quot;classic&quot;}\">\n\t\t\t<div class=\"elementor-widget-wrap elementor-element-populated\">\n\t\t\t\t\t\t<div class=\"elementor-element elementor-element-5d72b37 elementor-widget elementor-widget-image\" data-id=\"5d72b37\" data-element_type=\"widget\" data-widget_type=\"image.default\">\n\t\t\t\t<div class=\"elementor-widget-container\">\n\t\t\t\t\t\t\t\t\t\t\t\t\t<img decoding=\"async\" src=\"https:\/\/www.gorea-plus.hr\/wp-content\/uploads\/elementor\/thumbs\/thermo-fisher-scientific-1-qggepayws12lwcagcc112n4gokww2mx4n8lb11w0lc.png\" title=\"thermo-fisher-scientific\" alt=\"thermo-fisher-scientific\" loading=\"lazy\" \/>\t\t\t\t\t\t\t\t\t\t\t\t\t<\/div>\n\t\t\t\t<\/div>\n\t\t\t\t<div class=\"elementor-element elementor-element-7426552 elementor-widget elementor-widget-text-editor\" data-id=\"7426552\" data-element_type=\"widget\" data-widget_type=\"text-editor.default\">\n\t\t\t\t<div class=\"elementor-widget-container\">\n\t\t\t\t\t\t\t<ul>\n \t<li>Finnpipette<\/li>\n \t<li>Electrophoresis systems<\/li>\n \t<li>Shakers<\/li>\n \t<li>Mixers<\/li>\n \t<li>Dry bath systems<\/li>\n<\/ul>\t\t\t\t\t\t<\/div>\n\t\t\t\t<\/div>\n\t\t\t\t\t<\/div>\n\t\t<\/div>\n\t\t\t\t<div class=\"elementor-column elementor-col-12 elementor-top-column elementor-element elementor-element-59b0be5\" data-id=\"59b0be5\" data-element_type=\"column\" data-settings=\"{&quot;background_background&quot;:&quot;classic&quot;}\">\n\t\t\t<div class=\"elementor-widget-wrap elementor-element-populated\">\n\t\t\t\t\t\t<div class=\"elementor-element elementor-element-753b6b6 elementor-widget elementor-widget-image\" data-id=\"753b6b6\" data-element_type=\"widget\" data-widget_type=\"image.default\">\n\t\t\t\t<div class=\"elementor-widget-container\">\n\t\t\t\t\t\t\t\t\t\t\t\t\t<img decoding=\"async\" src=\"https:\/\/www.gorea-plus.hr\/wp-content\/uploads\/elementor\/thumbs\/2560px-Corning_Incorporated_Logo.svg-qggepayws12lwcagcc112n4gokww2mx4n8lb11w0lc.png\" title=\"2560px-Corning_Incorporated_Logo.svg\" alt=\"2560px-Corning_Incorporated_Logo.svg\" loading=\"lazy\" \/>\t\t\t\t\t\t\t\t\t\t\t\t\t<\/div>\n\t\t\t\t<\/div>\n\t\t\t\t<div class=\"elementor-element elementor-element-423fef4 elementor-widget elementor-widget-text-editor\" data-id=\"423fef4\" data-element_type=\"widget\" data-widget_type=\"text-editor.default\">\n\t\t\t\t<div class=\"elementor-widget-container\">\n\t\t\t\t\t\t\t<ul>\n \t<li>PCR devices<\/li>\n \t<li>Cell counters<\/li>\n \t<li>Electrophoresis and power supply<\/li>\n \t<li>Centrifuges<\/li>\n \t<li>Mixers<\/li>\n \t<li>SDry Baths<\/li>\n \t<li>Shakers<\/li>\n<\/ul>\t\t\t\t\t\t<\/div>\n\t\t\t\t<\/div>\n\t\t\t\t\t<\/div>\n\t\t<\/div>\n\t\t\t\t<div class=\"elementor-column elementor-col-12 elementor-top-column elementor-element elementor-element-02106b0\" data-id=\"02106b0\" data-element_type=\"column\" data-settings=\"{&quot;background_background&quot;:&quot;classic&quot;}\">\n\t\t\t<div class=\"elementor-widget-wrap elementor-element-populated\">\n\t\t\t\t\t\t<div class=\"elementor-element elementor-element-d6b1534 elementor-widget elementor-widget-image\" data-id=\"d6b1534\" data-element_type=\"widget\" data-widget_type=\"image.default\">\n\t\t\t\t<div class=\"elementor-widget-container\">\n\t\t\t\t\t\t\t\t\t\t\t\t\t<img decoding=\"async\" src=\"https:\/\/www.gorea-plus.hr\/wp-content\/uploads\/elementor\/thumbs\/domel_logo-r0o6qa7y883uus8r359x45s5mjcbi7fe2n65i4e8sg.png\" title=\"domel_logo\" alt=\"domel_logo\" loading=\"lazy\" \/>\t\t\t\t\t\t\t\t\t\t\t\t\t<\/div>\n\t\t\t\t<\/div>\n\t\t\t\t<div class=\"elementor-element elementor-element-5fc9869 elementor-widget elementor-widget-text-editor\" data-id=\"5fc9869\" data-element_type=\"widget\" data-widget_type=\"text-editor.default\">\n\t\t\t\t<div class=\"elementor-widget-container\">\n\t\t\t\t\t\t\t<ul>\n \t<li>Centrifuges<\/li>\n<\/ul>\t\t\t\t\t\t<\/div>\n\t\t\t\t<\/div>\n\t\t\t\t\t<\/div>\n\t\t<\/div>\n\t\t\t\t<div class=\"elementor-column elementor-col-12 elementor-top-column elementor-element elementor-element-1dcc269\" data-id=\"1dcc269\" data-element_type=\"column\" data-settings=\"{&quot;background_background&quot;:&quot;classic&quot;}\">\n\t\t\t<div class=\"elementor-widget-wrap elementor-element-populated\">\n\t\t\t\t\t\t<div class=\"elementor-element elementor-element-6f7f8bf elementor-widget elementor-widget-image\" data-id=\"6f7f8bf\" data-element_type=\"widget\" data-widget_type=\"image.default\">\n\t\t\t\t<div class=\"elementor-widget-container\">\n\t\t\t\t\t\t\t\t\t\t\t\t\t<img decoding=\"async\" src=\"https:\/\/www.gorea-plus.hr\/wp-content\/uploads\/elementor\/thumbs\/aerometrik-logo-nb-rl9a1i7suiwfy16glt2xwcaik7ncpfa3zyxt36ilmo.png\" title=\"aerometrik-logo-nb\" alt=\"aerometrik-logo-nb\" loading=\"lazy\" \/>\t\t\t\t\t\t\t\t\t\t\t\t\t<\/div>\n\t\t\t\t<\/div>\n\t\t\t\t<div class=\"elementor-element elementor-element-2424c4a elementor-widget elementor-widget-text-editor\" data-id=\"2424c4a\" data-element_type=\"widget\" data-widget_type=\"text-editor.default\">\n\t\t\t\t<div class=\"elementor-widget-container\">\n\t\t\t\t\t\t\t<ul>\n \t<li>Particle monitoring systems for clean rooms<\/li>\n<\/ul>\t\t\t\t\t\t<\/div>\n\t\t\t\t<\/div>\n\t\t\t\t\t<\/div>\n\t\t<\/div>\n\t\t\t\t\t<\/div>\n\t\t<\/section>\n\t\t\t\t<\/div>\n\t\t","protected":false},"excerpt":{"rendered":"<p>Gorea plus presents Instruments Flow Cytometers Cell Sorters Sanger sequencing and fragment analysis \u2013 Spectrum CE Automated nucleic acid isolation and purification Nucleic acid quantification \u2013 Quantus fluorometer Automated microplate reader \u2013 GloMax Gel and WB documentation systems with UV fluorescence, colorimetry, chemiluminescence, and epifluorescence. Cell analysers Real time cell imagers MEA testing instruments Finnpipette&#8230;<\/p>\n","protected":false},"author":1,"featured_media":0,"parent":0,"menu_order":0,"comment_status":"closed","ping_status":"closed","template":"","meta":{"_acf_changed":false,"footnotes":""},"class_list":["post-990833","page","type-page","status-publish","hentry"],"acf":[],"yoast_head":"<!-- This site is optimized with the Yoast SEO plugin v27.2 - https:\/\/yoast.com\/product\/yoast-seo-wordpress\/ -->\n<title>Instruments - Gorea Plus<\/title>\n<meta name=\"description\" content=\"U ponudi imamo osam proizvo\u0111a\u010da opreme najvi\u0161ih standarda za va\u0161 laboratorij.\" \/>\n<meta name=\"robots\" content=\"index, follow, max-snippet:-1, max-image-preview:large, max-video-preview:-1\" \/>\n<link rel=\"canonical\" href=\"https:\/\/www.gorea-plus.hr\/en\/instruments\/\" \/>\n<meta property=\"og:locale\" content=\"en_US\" \/>\n<meta property=\"og:type\" content=\"article\" \/>\n<meta property=\"og:title\" content=\"Instruments - Gorea Plus\" \/>\n<meta property=\"og:description\" content=\"U ponudi imamo osam proizvo\u0111a\u010da opreme najvi\u0161ih standarda za va\u0161 laboratorij.\" \/>\n<meta property=\"og:url\" content=\"https:\/\/www.gorea-plus.hr\/en\/instruments\/\" \/>\n<meta property=\"og:site_name\" content=\"Gorea Plus\" \/>\n<meta property=\"article:modified_time\" content=\"2026-03-30T06:19:13+00:00\" \/>\n<meta property=\"og:image\" content=\"https:\/\/www.gorea-plus.hr\/wp-content\/uploads\/elementor\/thumbs\/bd-logo-1-qggepayws12lwcagcc112n4gokww2mx4n8lb11w0lc.png\" \/>\n<meta name=\"twitter:card\" content=\"summary_large_image\" \/>\n<meta name=\"twitter:label1\" content=\"Est. reading time\" \/>\n\t<meta name=\"twitter:data1\" content=\"2 minutes\" \/>\n<script type=\"application\/ld+json\" class=\"yoast-schema-graph\">{\"@context\":\"https:\/\/schema.org\",\"@graph\":[{\"@type\":\"WebPage\",\"@id\":\"https:\/\/www.gorea-plus.hr\/en\/instruments\/\",\"url\":\"https:\/\/www.gorea-plus.hr\/en\/instruments\/\",\"name\":\"Instruments - Gorea Plus\",\"isPartOf\":{\"@id\":\"https:\/\/www.gorea-plus.hr\/en\/#website\"},\"primaryImageOfPage\":{\"@id\":\"https:\/\/www.gorea-plus.hr\/en\/instruments\/#primaryimage\"},\"image\":{\"@id\":\"https:\/\/www.gorea-plus.hr\/en\/instruments\/#primaryimage\"},\"thumbnailUrl\":\"https:\/\/www.gorea-plus.hr\/wp-content\/uploads\/elementor\/thumbs\/bd-logo-1-qggepayws12lwcagcc112n4gokww2mx4n8lb11w0lc.png\",\"datePublished\":\"2023-04-25T12:47:45+00:00\",\"dateModified\":\"2026-03-30T06:19:13+00:00\",\"description\":\"U ponudi imamo osam proizvo\u0111a\u010da opreme najvi\u0161ih standarda za va\u0161 laboratorij.\",\"breadcrumb\":{\"@id\":\"https:\/\/www.gorea-plus.hr\/en\/instruments\/#breadcrumb\"},\"inLanguage\":\"en-US\",\"potentialAction\":[{\"@type\":\"ReadAction\",\"target\":[\"https:\/\/www.gorea-plus.hr\/en\/instruments\/\"]}]},{\"@type\":\"ImageObject\",\"inLanguage\":\"en-US\",\"@id\":\"https:\/\/www.gorea-plus.hr\/en\/instruments\/#primaryimage\",\"url\":\"https:\/\/www.gorea-plus.hr\/wp-content\/uploads\/elementor\/thumbs\/bd-logo-1-qggepayws12lwcagcc112n4gokww2mx4n8lb11w0lc.png\",\"contentUrl\":\"https:\/\/www.gorea-plus.hr\/wp-content\/uploads\/elementor\/thumbs\/bd-logo-1-qggepayws12lwcagcc112n4gokww2mx4n8lb11w0lc.png\"},{\"@type\":\"BreadcrumbList\",\"@id\":\"https:\/\/www.gorea-plus.hr\/en\/instruments\/#breadcrumb\",\"itemListElement\":[{\"@type\":\"ListItem\",\"position\":1,\"name\":\"Home\",\"item\":\"https:\/\/www.gorea-plus.hr\/en\/\"},{\"@type\":\"ListItem\",\"position\":2,\"name\":\"Instruments\"}]},{\"@type\":\"WebSite\",\"@id\":\"https:\/\/www.gorea-plus.hr\/en\/#website\",\"url\":\"https:\/\/www.gorea-plus.hr\/en\/\",\"name\":\"Gorea-plus\",\"description\":\"\u0160arena strana znanosti\",\"publisher\":{\"@id\":\"https:\/\/www.gorea-plus.hr\/en\/#organization\"},\"potentialAction\":[{\"@type\":\"SearchAction\",\"target\":{\"@type\":\"EntryPoint\",\"urlTemplate\":\"https:\/\/www.gorea-plus.hr\/en\/?s={search_term_string}\"},\"query-input\":{\"@type\":\"PropertyValueSpecification\",\"valueRequired\":true,\"valueName\":\"search_term_string\"}}],\"inLanguage\":\"en-US\"},{\"@type\":\"Organization\",\"@id\":\"https:\/\/www.gorea-plus.hr\/en\/#organization\",\"name\":\"Gorea Plus\",\"url\":\"https:\/\/www.gorea-plus.hr\/en\/\",\"logo\":{\"@type\":\"ImageObject\",\"inLanguage\":\"en-US\",\"@id\":\"https:\/\/www.gorea-plus.hr\/en\/#\/schema\/logo\/image\/\",\"url\":\"https:\/\/www.gorea-plus.hr\/wp-content\/uploads\/2023\/04\/GOREA-PLUS-LOGO.png\",\"contentUrl\":\"https:\/\/www.gorea-plus.hr\/wp-content\/uploads\/2023\/04\/GOREA-PLUS-LOGO.png\",\"width\":513,\"height\":440,\"caption\":\"Gorea Plus\"},\"image\":{\"@id\":\"https:\/\/www.gorea-plus.hr\/en\/#\/schema\/logo\/image\/\"},\"sameAs\":[\"https:\/\/www.linkedin.com\/company\/gorea-plus\/?originalSubdomain=hr\"]}]}<\/script>\n<!-- \/ Yoast SEO plugin. -->","yoast_head_json":{"title":"Instruments - Gorea Plus","description":"U ponudi imamo osam proizvo\u0111a\u010da opreme najvi\u0161ih standarda za va\u0161 laboratorij.","robots":{"index":"index","follow":"follow","max-snippet":"max-snippet:-1","max-image-preview":"max-image-preview:large","max-video-preview":"max-video-preview:-1"},"canonical":"https:\/\/www.gorea-plus.hr\/en\/instruments\/","og_locale":"en_US","og_type":"article","og_title":"Instruments - Gorea Plus","og_description":"U ponudi imamo osam proizvo\u0111a\u010da opreme najvi\u0161ih standarda za va\u0161 laboratorij.","og_url":"https:\/\/www.gorea-plus.hr\/en\/instruments\/","og_site_name":"Gorea Plus","article_modified_time":"2026-03-30T06:19:13+00:00","og_image":[{"url":"https:\/\/www.gorea-plus.hr\/wp-content\/uploads\/elementor\/thumbs\/bd-logo-1-qggepayws12lwcagcc112n4gokww2mx4n8lb11w0lc.png","type":"","width":"","height":""}],"twitter_card":"summary_large_image","twitter_misc":{"Est. reading time":"2 minutes"},"schema":{"@context":"https:\/\/schema.org","@graph":[{"@type":"WebPage","@id":"https:\/\/www.gorea-plus.hr\/en\/instruments\/","url":"https:\/\/www.gorea-plus.hr\/en\/instruments\/","name":"Instruments - Gorea Plus","isPartOf":{"@id":"https:\/\/www.gorea-plus.hr\/en\/#website"},"primaryImageOfPage":{"@id":"https:\/\/www.gorea-plus.hr\/en\/instruments\/#primaryimage"},"image":{"@id":"https:\/\/www.gorea-plus.hr\/en\/instruments\/#primaryimage"},"thumbnailUrl":"https:\/\/www.gorea-plus.hr\/wp-content\/uploads\/elementor\/thumbs\/bd-logo-1-qggepayws12lwcagcc112n4gokww2mx4n8lb11w0lc.png","datePublished":"2023-04-25T12:47:45+00:00","dateModified":"2026-03-30T06:19:13+00:00","description":"U ponudi imamo osam proizvo\u0111a\u010da opreme najvi\u0161ih standarda za va\u0161 laboratorij.","breadcrumb":{"@id":"https:\/\/www.gorea-plus.hr\/en\/instruments\/#breadcrumb"},"inLanguage":"en-US","potentialAction":[{"@type":"ReadAction","target":["https:\/\/www.gorea-plus.hr\/en\/instruments\/"]}]},{"@type":"ImageObject","inLanguage":"en-US","@id":"https:\/\/www.gorea-plus.hr\/en\/instruments\/#primaryimage","url":"https:\/\/www.gorea-plus.hr\/wp-content\/uploads\/elementor\/thumbs\/bd-logo-1-qggepayws12lwcagcc112n4gokww2mx4n8lb11w0lc.png","contentUrl":"https:\/\/www.gorea-plus.hr\/wp-content\/uploads\/elementor\/thumbs\/bd-logo-1-qggepayws12lwcagcc112n4gokww2mx4n8lb11w0lc.png"},{"@type":"BreadcrumbList","@id":"https:\/\/www.gorea-plus.hr\/en\/instruments\/#breadcrumb","itemListElement":[{"@type":"ListItem","position":1,"name":"Home","item":"https:\/\/www.gorea-plus.hr\/en\/"},{"@type":"ListItem","position":2,"name":"Instruments"}]},{"@type":"WebSite","@id":"https:\/\/www.gorea-plus.hr\/en\/#website","url":"https:\/\/www.gorea-plus.hr\/en\/","name":"Gorea-plus","description":"\u0160arena strana znanosti","publisher":{"@id":"https:\/\/www.gorea-plus.hr\/en\/#organization"},"potentialAction":[{"@type":"SearchAction","target":{"@type":"EntryPoint","urlTemplate":"https:\/\/www.gorea-plus.hr\/en\/?s={search_term_string}"},"query-input":{"@type":"PropertyValueSpecification","valueRequired":true,"valueName":"search_term_string"}}],"inLanguage":"en-US"},{"@type":"Organization","@id":"https:\/\/www.gorea-plus.hr\/en\/#organization","name":"Gorea Plus","url":"https:\/\/www.gorea-plus.hr\/en\/","logo":{"@type":"ImageObject","inLanguage":"en-US","@id":"https:\/\/www.gorea-plus.hr\/en\/#\/schema\/logo\/image\/","url":"https:\/\/www.gorea-plus.hr\/wp-content\/uploads\/2023\/04\/GOREA-PLUS-LOGO.png","contentUrl":"https:\/\/www.gorea-plus.hr\/wp-content\/uploads\/2023\/04\/GOREA-PLUS-LOGO.png","width":513,"height":440,"caption":"Gorea Plus"},"image":{"@id":"https:\/\/www.gorea-plus.hr\/en\/#\/schema\/logo\/image\/"},"sameAs":["https:\/\/www.linkedin.com\/company\/gorea-plus\/?originalSubdomain=hr"]}]}},"_links":{"self":[{"href":"https:\/\/www.gorea-plus.hr\/en\/wp-json\/wp\/v2\/pages\/990833","targetHints":{"allow":["GET"]}}],"collection":[{"href":"https:\/\/www.gorea-plus.hr\/en\/wp-json\/wp\/v2\/pages"}],"about":[{"href":"https:\/\/www.gorea-plus.hr\/en\/wp-json\/wp\/v2\/types\/page"}],"author":[{"embeddable":true,"href":"https:\/\/www.gorea-plus.hr\/en\/wp-json\/wp\/v2\/users\/1"}],"replies":[{"embeddable":true,"href":"https:\/\/www.gorea-plus.hr\/en\/wp-json\/wp\/v2\/comments?post=990833"}],"version-history":[{"count":3,"href":"https:\/\/www.gorea-plus.hr\/en\/wp-json\/wp\/v2\/pages\/990833\/revisions"}],"predecessor-version":[{"id":991702,"href":"https:\/\/www.gorea-plus.hr\/en\/wp-json\/wp\/v2\/pages\/990833\/revisions\/991702"}],"wp:attachment":[{"href":"https:\/\/www.gorea-plus.hr\/en\/wp-json\/wp\/v2\/media?parent=990833"}],"curies":[{"name":"wp","href":"https:\/\/api.w.org\/{rel}","templated":true}]}}