{"id":990844,"date":"2023-04-26T01:14:58","date_gmt":"2023-04-26T01:14:58","guid":{"rendered":"https:\/\/www.gorea-plus.hr\/potrosni-materijal\/"},"modified":"2024-01-29T21:54:16","modified_gmt":"2024-01-29T21:54:16","slug":"consumables","status":"publish","type":"page","link":"https:\/\/www.gorea-plus.hr\/en\/consumables\/","title":{"rendered":"Consumables"},"content":{"rendered":"\t\t<div data-elementor-type=\"wp-page\" data-elementor-id=\"990844\" class=\"elementor elementor-990844 elementor-989142\" data-elementor-post-type=\"page\">\n\t\t\t\t\t\t<section class=\"elementor-section elementor-top-section elementor-element elementor-element-6a596ac elementor-section-boxed elementor-section-height-default elementor-section-height-default\" data-id=\"6a596ac\" data-element_type=\"section\">\n\t\t\t\t\t\t<div class=\"elementor-container elementor-column-gap-no\">\n\t\t\t\t\t<div class=\"elementor-column elementor-col-50 elementor-top-column elementor-element elementor-element-0c6598a\" data-id=\"0c6598a\" data-element_type=\"column\">\n\t\t\t<div class=\"elementor-widget-wrap elementor-element-populated\">\n\t\t\t\t\t\t<div class=\"elementor-element elementor-element-a096c58 elementor-position-right elementor-widget__width-auto elementor-mobile-position-right elementor-widget-mobile__width-auto elementor-vertical-align-middle elementor-view-default elementor-invisible elementor-widget elementor-widget-icon-box\" data-id=\"a096c58\" data-element_type=\"widget\" data-settings=\"{&quot;_animation&quot;:&quot;slideInUp&quot;}\" data-widget_type=\"icon-box.default\">\n\t\t\t\t<div class=\"elementor-widget-container\">\n\t\t\t<link rel=\"stylesheet\" href=\"https:\/\/www.gorea-plus.hr\/wp-content\/uploads\/elementor\/css\/custom-widget-icon-box.min.css?ver=1710237710\">\t\t<div class=\"elementor-icon-box-wrapper\">\n\t\t\t\t\t\t<div class=\"elementor-icon-box-icon\">\n\t\t\t\t<span  class=\"elementor-icon elementor-animation-\">\n\t\t\t\t<i aria-hidden=\"true\" class=\"vamtamtheme- vamtam-theme-minus\"><\/i>\t\t\t\t<\/span>\n\t\t\t<\/div>\n\t\t\t\t\t\t<div class=\"elementor-icon-box-content\">\n\t\t\t\t<span class=\"elementor-icon-box-title\">\n\t\t\t\t\t<span  >\n\t\t\t\t\t\tGorea plus presents\t\t\t\t\t<\/span>\n\t\t\t\t<\/span>\n\t\t\t\t\t\t\t<\/div>\n\t\t<\/div>\n\t\t\t\t<\/div>\n\t\t\t\t<\/div>\n\t\t\t\t<div class=\"elementor-element elementor-element-cfd4c6c elementor-widget elementor-widget-heading\" data-id=\"cfd4c6c\" data-element_type=\"widget\" data-widget_type=\"heading.default\">\n\t\t\t\t<div class=\"elementor-widget-container\">\n\t\t\t<style>\/*! elementor - v3.20.0 - 11-03-2024 *\/\n.elementor-heading-title{padding:0;margin:0;line-height:1}.elementor-widget-heading .elementor-heading-title[class*=elementor-size-]>a{color:inherit;font-size:inherit;line-height:inherit}.elementor-widget-heading .elementor-heading-title.elementor-size-small{font-size:15px}.elementor-widget-heading .elementor-heading-title.elementor-size-medium{font-size:19px}.elementor-widget-heading .elementor-heading-title.elementor-size-large{font-size:29px}.elementor-widget-heading .elementor-heading-title.elementor-size-xl{font-size:39px}.elementor-widget-heading .elementor-heading-title.elementor-size-xxl{font-size:59px}<\/style><h1 class=\"elementor-heading-title elementor-size-default\">Consumables<\/h1>\t\t<\/div>\n\t\t\t\t<\/div>\n\t\t\t\t\t<\/div>\n\t\t<\/div>\n\t\t\t\t<div class=\"elementor-column elementor-col-50 elementor-top-column elementor-element elementor-element-f7fdd33\" data-id=\"f7fdd33\" data-element_type=\"column\">\n\t\t\t<div class=\"elementor-widget-wrap elementor-element-populated\">\n\t\t\t\t\t\t<div class=\"elementor-element elementor-element-03782e7 elementor-widget elementor-widget-text-editor\" data-id=\"03782e7\" data-element_type=\"widget\" data-widget_type=\"text-editor.default\">\n\t\t\t\t<div class=\"elementor-widget-container\">\n\t\t\t<style>\/*! elementor - v3.20.0 - 11-03-2024 *\/\n.elementor-widget-text-editor.elementor-drop-cap-view-stacked .elementor-drop-cap{background-color:#69727d;color:#fff}.elementor-widget-text-editor.elementor-drop-cap-view-framed .elementor-drop-cap{color:#69727d;border:3px solid;background-color:transparent}.elementor-widget-text-editor:not(.elementor-drop-cap-view-default) .elementor-drop-cap{margin-top:8px}.elementor-widget-text-editor:not(.elementor-drop-cap-view-default) .elementor-drop-cap-letter{width:1em;height:1em}.elementor-widget-text-editor .elementor-drop-cap{float:left;text-align:center;line-height:1;font-size:50px}.elementor-widget-text-editor .elementor-drop-cap-letter{display:inline-block}<\/style>\t\t\t\t\t\t\t\t\t\t<\/div>\n\t\t\t\t<\/div>\n\t\t\t\t\t<\/div>\n\t\t<\/div>\n\t\t\t\t\t<\/div>\n\t\t<\/section>\n\t\t\t\t<section class=\"elementor-section elementor-top-section elementor-element elementor-element-348708f elementor-section-full_width elementor-section-height-min-height elementor-section-stretched elementor-section-height-default elementor-section-items-middle\" data-id=\"348708f\" data-element_type=\"section\" data-settings=\"{&quot;background_background&quot;:&quot;classic&quot;,&quot;stretch_section&quot;:&quot;section-stretched&quot;}\">\n\t\t\t\t\t\t<div class=\"elementor-container elementor-column-gap-default\">\n\t\t\t\t\t<div class=\"elementor-column elementor-col-100 elementor-top-column elementor-element elementor-element-1b2facd\" data-id=\"1b2facd\" data-element_type=\"column\">\n\t\t\t<div class=\"elementor-widget-wrap\">\n\t\t\t\t\t\t\t<\/div>\n\t\t<\/div>\n\t\t\t\t\t<\/div>\n\t\t<\/section>\n\t\t\t\t<section class=\"elementor-section elementor-top-section elementor-element elementor-element-3dc00a8 elementor-section-boxed elementor-section-height-default elementor-section-height-default\" data-id=\"3dc00a8\" data-element_type=\"section\" id=\"sameHeightPmaterijal\">\n\t\t\t\t\t\t<div class=\"elementor-container elementor-column-gap-default\">\n\t\t\t\t\t<div class=\"elementor-column elementor-col-33 elementor-top-column elementor-element elementor-element-66e7ec6\" data-id=\"66e7ec6\" data-element_type=\"column\" id=\"PMaterijalWidth\">\n\t\t\t<div class=\"elementor-widget-wrap elementor-element-populated\">\n\t\t\t\t\t\t<div class=\"elementor-element elementor-element-eca165a elementor-widget elementor-widget-image\" data-id=\"eca165a\" data-element_type=\"widget\" data-widget_type=\"image.default\">\n\t\t\t\t<div class=\"elementor-widget-container\">\n\t\t\t<style>\/*! elementor - v3.20.0 - 11-03-2024 *\/\n.elementor-widget-image{text-align:center}.elementor-widget-image a{display:inline-block}.elementor-widget-image a img[src$=\".svg\"]{width:48px}.elementor-widget-image img{vertical-align:middle;display:inline-block}<\/style>\t\t\t\t\t\t\t\t\t\t<img decoding=\"async\" src=\"https:\/\/www.gorea-plus.hr\/wp-content\/uploads\/elementor\/thumbs\/thermo-fisher-scientific-1-qggepayws12lwcagcc112n4gokww2mx4n8lb11w0lc.png\" title=\"thermo-fisher-scientific\" alt=\"thermo-fisher-scientific\" loading=\"lazy\" \/>\t\t\t\t\t\t\t\t\t\t\t\t\t<\/div>\n\t\t\t\t<\/div>\n\t\t\t\t<div class=\"elementor-element elementor-element-19a2bbb elementor-widget elementor-widget-text-editor\" data-id=\"19a2bbb\" data-element_type=\"widget\" data-widget_type=\"text-editor.default\">\n\t\t\t\t<div class=\"elementor-widget-container\">\n\t\t\t\t\t\t\t(MBP), (NUNC), (NALGENE)\n<ul>\n \t<li>Tubes<\/li>\n \t<li>Pipette tips<\/li>\n \t<li>Tube racks<\/li>\n \t<li>Cell culture consumables<\/li>\n \t<li>Eprouvettes<\/li>\n \t<li>Microcentrifuge tubes<\/li>\n \t<li>Cryoware<\/li>\n \t<li>IVF consumables<\/li>\n \t<li>Microbiology consumables<\/li>\n \t<li>Serological pipettes<\/li>\n \t<li>Multiwell plates<\/li>\n \t<li>Filtration units<\/li>\n \t<li>Syringe filters<\/li>\n<\/ul>\t\t\t\t\t\t<\/div>\n\t\t\t\t<\/div>\n\t\t\t\t\t<\/div>\n\t\t<\/div>\n\t\t\t\t<div class=\"elementor-column elementor-col-33 elementor-top-column elementor-element elementor-element-2dd3c09\" data-id=\"2dd3c09\" data-element_type=\"column\" id=\"PMaterijalWidth\">\n\t\t\t<div class=\"elementor-widget-wrap elementor-element-populated\">\n\t\t\t\t\t\t<div class=\"elementor-element elementor-element-2ca6044 elementor-widget elementor-widget-image\" data-id=\"2ca6044\" data-element_type=\"widget\" data-widget_type=\"image.default\">\n\t\t\t\t<div class=\"elementor-widget-container\">\n\t\t\t\t\t\t\t\t\t\t\t\t\t<img decoding=\"async\" src=\"https:\/\/www.gorea-plus.hr\/wp-content\/uploads\/elementor\/thumbs\/2560px-Corning_Incorporated_Logo.svg-qggepayws12lwcagcc112n4gokww2mx4n8lb11w0lc.png\" title=\"2560px-Corning_Incorporated_Logo.svg\" alt=\"2560px-Corning_Incorporated_Logo.svg\" loading=\"lazy\" \/>\t\t\t\t\t\t\t\t\t\t\t\t\t<\/div>\n\t\t\t\t<\/div>\n\t\t\t\t<div class=\"elementor-element elementor-element-9dc2f6b elementor-widget elementor-widget-text-editor\" data-id=\"9dc2f6b\" data-element_type=\"widget\" data-widget_type=\"text-editor.default\">\n\t\t\t\t<div class=\"elementor-widget-container\">\n\t\t\t\t\t\t\t(FALCON), (CORNING), (AXYGEN)\n<ul>\n \t<li>Cell culture dishes<\/li>\n \t<li>Pipette tips<\/li>\n \t<li>PCR tubes and plates<\/li>\n \t<li>Cryoware<\/li>\n \t<li>IVF consumables<\/li>\n \t<li>Microbiology consumables<\/li>\n \t<li>Serological pipettes and transfer pipettes<\/li>\n \t<li>Multiwell plates for fluorescence and luminescence assays<\/li>\n<\/ul>\t\t\t\t\t\t<\/div>\n\t\t\t\t<\/div>\n\t\t\t\t\t<\/div>\n\t\t<\/div>\n\t\t\t\t<div class=\"elementor-column elementor-col-33 elementor-top-column elementor-element elementor-element-f386dd3\" data-id=\"f386dd3\" data-element_type=\"column\" id=\"PMaterijalWidth\">\n\t\t\t<div class=\"elementor-widget-wrap elementor-element-populated\">\n\t\t\t\t\t\t<div class=\"elementor-element elementor-element-7af29fb elementor-widget elementor-widget-image\" data-id=\"7af29fb\" data-element_type=\"widget\" data-widget_type=\"image.default\">\n\t\t\t\t<div class=\"elementor-widget-container\">\n\t\t\t\t\t\t\t\t\t\t\t\t\t<img decoding=\"async\" src=\"https:\/\/www.gorea-plus.hr\/wp-content\/uploads\/elementor\/thumbs\/logo-qggepayws12lwcagcc112n4gokww2mx4n8lb11w0lc.gif\" title=\"logo\" alt=\"logo\" loading=\"lazy\" \/>\t\t\t\t\t\t\t\t\t\t\t\t\t<\/div>\n\t\t\t\t<\/div>\n\t\t\t\t<div class=\"elementor-element elementor-element-c5ca5e6 elementor-widget elementor-widget-text-editor\" data-id=\"c5ca5e6\" data-element_type=\"widget\" data-widget_type=\"text-editor.default\">\n\t\t\t\t<div class=\"elementor-widget-container\">\n\t\t\t\t\t\t\t(PLURI SELECT)\n<ul>\n \t<li>Cell strainers<\/li>\n \t<li>Mini and membrane strainers<\/li>\n \t<li>Leukocyte and peripheral blood mononuclear cell separation tubes<\/li>\n<\/ul>\t\t\t\t\t\t<\/div>\n\t\t\t\t<\/div>\n\t\t\t\t\t<\/div>\n\t\t<\/div>\n\t\t\t\t\t<\/div>\n\t\t<\/section>\n\t\t\t\t<\/div>\n\t\t","protected":false},"excerpt":{"rendered":"<p>Gorea plus presents Consumables (MBP), (NUNC), (NALGENE) Tubes Pipette tips Tube racks Cell culture consumables Eprouvettes Microcentrifuge tubes Cryoware IVF consumables Microbiology consumables Serological pipettes Multiwell plates Filtration units Syringe filters (FALCON), (CORNING), (AXYGEN) Cell culture dishes Pipette tips PCR tubes and plates Cryoware IVF consumables Microbiology consumables Serological pipettes and transfer pipettes Multiwell plates&#8230;<\/p>\n","protected":false},"author":1,"featured_media":0,"parent":0,"menu_order":0,"comment_status":"closed","ping_status":"closed","template":"","meta":{"_acf_changed":false,"footnotes":""},"class_list":["post-990844","page","type-page","status-publish","hentry"],"acf":[],"yoast_head":"<!-- This site is optimized with the Yoast SEO plugin v27.2 - https:\/\/yoast.com\/product\/yoast-seo-wordpress\/ -->\n<title>Consumables - Gorea Plus<\/title>\n<meta name=\"description\" content=\"U ponudi imamo tri brenda koja nude potro\u0161ne materijale - tubice, serolo\u0161ke pipete, posu\u0111e, strainere , epruvete i jo\u0161 mnogo toga.\" \/>\n<meta name=\"robots\" content=\"index, follow, max-snippet:-1, max-image-preview:large, max-video-preview:-1\" \/>\n<link rel=\"canonical\" href=\"https:\/\/www.gorea-plus.hr\/en\/consumables\/\" \/>\n<meta property=\"og:locale\" content=\"en_US\" \/>\n<meta property=\"og:type\" content=\"article\" \/>\n<meta property=\"og:title\" content=\"Consumables - Gorea Plus\" \/>\n<meta property=\"og:description\" content=\"U ponudi imamo tri brenda koja nude potro\u0161ne materijale - tubice, serolo\u0161ke pipete, posu\u0111e, strainere , epruvete i jo\u0161 mnogo toga.\" \/>\n<meta property=\"og:url\" content=\"https:\/\/www.gorea-plus.hr\/en\/consumables\/\" \/>\n<meta property=\"og:site_name\" content=\"Gorea Plus\" \/>\n<meta property=\"article:modified_time\" content=\"2024-01-29T21:54:16+00:00\" \/>\n<meta property=\"og:image\" content=\"https:\/\/www.gorea-plus.hr\/wp-content\/uploads\/elementor\/thumbs\/thermo-fisher-scientific-1-qggepayws12lwcagcc112n4gokww2mx4n8lb11w0lc.png\" \/>\n<meta name=\"twitter:card\" content=\"summary_large_image\" \/>\n<meta name=\"twitter:label1\" content=\"Est. reading time\" \/>\n\t<meta name=\"twitter:data1\" content=\"1 minute\" \/>\n<script type=\"application\/ld+json\" class=\"yoast-schema-graph\">{\"@context\":\"https:\/\/schema.org\",\"@graph\":[{\"@type\":\"WebPage\",\"@id\":\"https:\/\/www.gorea-plus.hr\/en\/consumables\/\",\"url\":\"https:\/\/www.gorea-plus.hr\/en\/consumables\/\",\"name\":\"Consumables - Gorea Plus\",\"isPartOf\":{\"@id\":\"https:\/\/www.gorea-plus.hr\/en\/#website\"},\"primaryImageOfPage\":{\"@id\":\"https:\/\/www.gorea-plus.hr\/en\/consumables\/#primaryimage\"},\"image\":{\"@id\":\"https:\/\/www.gorea-plus.hr\/en\/consumables\/#primaryimage\"},\"thumbnailUrl\":\"https:\/\/www.gorea-plus.hr\/wp-content\/uploads\/elementor\/thumbs\/thermo-fisher-scientific-1-qggepayws12lwcagcc112n4gokww2mx4n8lb11w0lc.png\",\"datePublished\":\"2023-04-26T01:14:58+00:00\",\"dateModified\":\"2024-01-29T21:54:16+00:00\",\"description\":\"U ponudi imamo tri brenda koja nude potro\u0161ne materijale - tubice, serolo\u0161ke pipete, posu\u0111e, strainere , epruvete i jo\u0161 mnogo toga.\",\"breadcrumb\":{\"@id\":\"https:\/\/www.gorea-plus.hr\/en\/consumables\/#breadcrumb\"},\"inLanguage\":\"en-US\",\"potentialAction\":[{\"@type\":\"ReadAction\",\"target\":[\"https:\/\/www.gorea-plus.hr\/en\/consumables\/\"]}]},{\"@type\":\"ImageObject\",\"inLanguage\":\"en-US\",\"@id\":\"https:\/\/www.gorea-plus.hr\/en\/consumables\/#primaryimage\",\"url\":\"https:\/\/www.gorea-plus.hr\/wp-content\/uploads\/elementor\/thumbs\/thermo-fisher-scientific-1-qggepayws12lwcagcc112n4gokww2mx4n8lb11w0lc.png\",\"contentUrl\":\"https:\/\/www.gorea-plus.hr\/wp-content\/uploads\/elementor\/thumbs\/thermo-fisher-scientific-1-qggepayws12lwcagcc112n4gokww2mx4n8lb11w0lc.png\"},{\"@type\":\"BreadcrumbList\",\"@id\":\"https:\/\/www.gorea-plus.hr\/en\/consumables\/#breadcrumb\",\"itemListElement\":[{\"@type\":\"ListItem\",\"position\":1,\"name\":\"Home\",\"item\":\"https:\/\/www.gorea-plus.hr\/en\/\"},{\"@type\":\"ListItem\",\"position\":2,\"name\":\"Consumables\"}]},{\"@type\":\"WebSite\",\"@id\":\"https:\/\/www.gorea-plus.hr\/en\/#website\",\"url\":\"https:\/\/www.gorea-plus.hr\/en\/\",\"name\":\"Gorea-plus\",\"description\":\"\u0160arena strana znanosti\",\"publisher\":{\"@id\":\"https:\/\/www.gorea-plus.hr\/en\/#organization\"},\"potentialAction\":[{\"@type\":\"SearchAction\",\"target\":{\"@type\":\"EntryPoint\",\"urlTemplate\":\"https:\/\/www.gorea-plus.hr\/en\/?s={search_term_string}\"},\"query-input\":{\"@type\":\"PropertyValueSpecification\",\"valueRequired\":true,\"valueName\":\"search_term_string\"}}],\"inLanguage\":\"en-US\"},{\"@type\":\"Organization\",\"@id\":\"https:\/\/www.gorea-plus.hr\/en\/#organization\",\"name\":\"Gorea Plus\",\"url\":\"https:\/\/www.gorea-plus.hr\/en\/\",\"logo\":{\"@type\":\"ImageObject\",\"inLanguage\":\"en-US\",\"@id\":\"https:\/\/www.gorea-plus.hr\/en\/#\/schema\/logo\/image\/\",\"url\":\"https:\/\/www.gorea-plus.hr\/wp-content\/uploads\/2023\/04\/GOREA-PLUS-LOGO.png\",\"contentUrl\":\"https:\/\/www.gorea-plus.hr\/wp-content\/uploads\/2023\/04\/GOREA-PLUS-LOGO.png\",\"width\":513,\"height\":440,\"caption\":\"Gorea Plus\"},\"image\":{\"@id\":\"https:\/\/www.gorea-plus.hr\/en\/#\/schema\/logo\/image\/\"},\"sameAs\":[\"https:\/\/www.linkedin.com\/company\/gorea-plus\/?originalSubdomain=hr\"]}]}<\/script>\n<!-- \/ Yoast SEO plugin. -->","yoast_head_json":{"title":"Consumables - Gorea Plus","description":"U ponudi imamo tri brenda koja nude potro\u0161ne materijale - tubice, serolo\u0161ke pipete, posu\u0111e, strainere , epruvete i jo\u0161 mnogo toga.","robots":{"index":"index","follow":"follow","max-snippet":"max-snippet:-1","max-image-preview":"max-image-preview:large","max-video-preview":"max-video-preview:-1"},"canonical":"https:\/\/www.gorea-plus.hr\/en\/consumables\/","og_locale":"en_US","og_type":"article","og_title":"Consumables - Gorea Plus","og_description":"U ponudi imamo tri brenda koja nude potro\u0161ne materijale - tubice, serolo\u0161ke pipete, posu\u0111e, strainere , epruvete i jo\u0161 mnogo toga.","og_url":"https:\/\/www.gorea-plus.hr\/en\/consumables\/","og_site_name":"Gorea Plus","article_modified_time":"2024-01-29T21:54:16+00:00","og_image":[{"url":"https:\/\/www.gorea-plus.hr\/wp-content\/uploads\/elementor\/thumbs\/thermo-fisher-scientific-1-qggepayws12lwcagcc112n4gokww2mx4n8lb11w0lc.png","type":"","width":"","height":""}],"twitter_card":"summary_large_image","twitter_misc":{"Est. reading time":"1 minute"},"schema":{"@context":"https:\/\/schema.org","@graph":[{"@type":"WebPage","@id":"https:\/\/www.gorea-plus.hr\/en\/consumables\/","url":"https:\/\/www.gorea-plus.hr\/en\/consumables\/","name":"Consumables - Gorea Plus","isPartOf":{"@id":"https:\/\/www.gorea-plus.hr\/en\/#website"},"primaryImageOfPage":{"@id":"https:\/\/www.gorea-plus.hr\/en\/consumables\/#primaryimage"},"image":{"@id":"https:\/\/www.gorea-plus.hr\/en\/consumables\/#primaryimage"},"thumbnailUrl":"https:\/\/www.gorea-plus.hr\/wp-content\/uploads\/elementor\/thumbs\/thermo-fisher-scientific-1-qggepayws12lwcagcc112n4gokww2mx4n8lb11w0lc.png","datePublished":"2023-04-26T01:14:58+00:00","dateModified":"2024-01-29T21:54:16+00:00","description":"U ponudi imamo tri brenda koja nude potro\u0161ne materijale - tubice, serolo\u0161ke pipete, posu\u0111e, strainere , epruvete i jo\u0161 mnogo toga.","breadcrumb":{"@id":"https:\/\/www.gorea-plus.hr\/en\/consumables\/#breadcrumb"},"inLanguage":"en-US","potentialAction":[{"@type":"ReadAction","target":["https:\/\/www.gorea-plus.hr\/en\/consumables\/"]}]},{"@type":"ImageObject","inLanguage":"en-US","@id":"https:\/\/www.gorea-plus.hr\/en\/consumables\/#primaryimage","url":"https:\/\/www.gorea-plus.hr\/wp-content\/uploads\/elementor\/thumbs\/thermo-fisher-scientific-1-qggepayws12lwcagcc112n4gokww2mx4n8lb11w0lc.png","contentUrl":"https:\/\/www.gorea-plus.hr\/wp-content\/uploads\/elementor\/thumbs\/thermo-fisher-scientific-1-qggepayws12lwcagcc112n4gokww2mx4n8lb11w0lc.png"},{"@type":"BreadcrumbList","@id":"https:\/\/www.gorea-plus.hr\/en\/consumables\/#breadcrumb","itemListElement":[{"@type":"ListItem","position":1,"name":"Home","item":"https:\/\/www.gorea-plus.hr\/en\/"},{"@type":"ListItem","position":2,"name":"Consumables"}]},{"@type":"WebSite","@id":"https:\/\/www.gorea-plus.hr\/en\/#website","url":"https:\/\/www.gorea-plus.hr\/en\/","name":"Gorea-plus","description":"\u0160arena strana znanosti","publisher":{"@id":"https:\/\/www.gorea-plus.hr\/en\/#organization"},"potentialAction":[{"@type":"SearchAction","target":{"@type":"EntryPoint","urlTemplate":"https:\/\/www.gorea-plus.hr\/en\/?s={search_term_string}"},"query-input":{"@type":"PropertyValueSpecification","valueRequired":true,"valueName":"search_term_string"}}],"inLanguage":"en-US"},{"@type":"Organization","@id":"https:\/\/www.gorea-plus.hr\/en\/#organization","name":"Gorea Plus","url":"https:\/\/www.gorea-plus.hr\/en\/","logo":{"@type":"ImageObject","inLanguage":"en-US","@id":"https:\/\/www.gorea-plus.hr\/en\/#\/schema\/logo\/image\/","url":"https:\/\/www.gorea-plus.hr\/wp-content\/uploads\/2023\/04\/GOREA-PLUS-LOGO.png","contentUrl":"https:\/\/www.gorea-plus.hr\/wp-content\/uploads\/2023\/04\/GOREA-PLUS-LOGO.png","width":513,"height":440,"caption":"Gorea Plus"},"image":{"@id":"https:\/\/www.gorea-plus.hr\/en\/#\/schema\/logo\/image\/"},"sameAs":["https:\/\/www.linkedin.com\/company\/gorea-plus\/?originalSubdomain=hr"]}]}},"_links":{"self":[{"href":"https:\/\/www.gorea-plus.hr\/en\/wp-json\/wp\/v2\/pages\/990844","targetHints":{"allow":["GET"]}}],"collection":[{"href":"https:\/\/www.gorea-plus.hr\/en\/wp-json\/wp\/v2\/pages"}],"about":[{"href":"https:\/\/www.gorea-plus.hr\/en\/wp-json\/wp\/v2\/types\/page"}],"author":[{"embeddable":true,"href":"https:\/\/www.gorea-plus.hr\/en\/wp-json\/wp\/v2\/users\/1"}],"replies":[{"embeddable":true,"href":"https:\/\/www.gorea-plus.hr\/en\/wp-json\/wp\/v2\/comments?post=990844"}],"version-history":[{"count":0,"href":"https:\/\/www.gorea-plus.hr\/en\/wp-json\/wp\/v2\/pages\/990844\/revisions"}],"wp:attachment":[{"href":"https:\/\/www.gorea-plus.hr\/en\/wp-json\/wp\/v2\/media?parent=990844"}],"curies":[{"name":"wp","href":"https:\/\/api.w.org\/{rel}","templated":true}]}}